{"id":803,"date":"2016-11-22T11:42:24","date_gmt":"2016-11-22T11:42:24","guid":{"rendered":"http:\/\/www.digitalprofoto.ro\/online\/?page_id=803"},"modified":"2026-04-15T17:46:22","modified_gmt":"2026-04-15T17:46:22","slug":"1-2","status":"publish","type":"page","link":"https:\/\/www.digitalprofoto.ro\/online\/","title":{"rendered":"ALBUME FOTO PERSONALIZATE   si   DEVELOP\u0102RI FOTOGRAFII"},"content":{"rendered":"<div  class=\"one withsmallpadding ppb_text\" style=\"padding:30px 0 30px 0;\" >\n<div class=\"standard_wrapper\">\n<div class=\"page_content_wrapper\">\n<div class=\"inner\">\n<div style=\"margin:auto;width:100%\">\n<h4 style=\"text-align: center;\">Developari fotografii pe hartie foto KODAK \u00a0| \u00a0REDUCERE 50 % pentru comenzi ce depasesc 100 de fotografii<\/h4>\n<\/div>\n<\/div>\n<\/div>\n<\/div>\n<\/div>\n<div  class=\"one withsmallpadding ppb_text\" style=\"padding:30px 0 30px 0;\" >\n<div class=\"standard_wrapper\">\n<div class=\"page_content_wrapper\">\n<div class=\"inner\">\n<div style=\"margin:auto;width:100%\">\n<div class=\"woocommerce columns-5 \">\n<ul class=\"products columns-5\">\n<li class=\"post-34 type-product status-publish has-post-thumbnail hentry product_cat-developare-foto product_tag-10-x-15 product_tag-10x15\">\n\t<\/li>\n<li class=\"post-1035 type-product status-publish has-post-thumbnail hentry product_cat-developare-foto\">\n\t<\/li>\n<li class=\"post-1041 type-product status-publish has-post-thumbnail hentry product_cat-developare-foto\">\n\t<\/li>\n<li class=\"post-1044 type-product status-publish has-post-thumbnail hentry product_cat-developare-foto\">\n\t<\/li>\n<\/ul>\n<\/div>\n<\/div>\n<\/div>\n<\/div>\n<\/div>\n<\/div>\n<div  class=\"one withsmallpadding ppb_text\" style=\"padding:30px 0 30px 0;\" >\n<div class=\"standard_wrapper\">\n<div class=\"page_content_wrapper\">\n<div class=\"inner\">\n<div style=\"margin:auto;width:100%\">\n<h4 style=\"color: #222222; text-align: center;\"><a href=\"http:\/\/www.digitalprofoto.ro\/online\/albume-foto-digitale-tip-fotocarte\/\"><strong>Noi facem TOT\u00a0 \u00a0| \u00a0 Nu descarci soft \u00a0 | \u00a0 Nu ai nevoie de cunostinte<\/strong><\/a><\/h4>\n<\/div>\n<\/div>\n<\/div>\n<\/div>\n<\/div>\n<div  class=\"one withsmallpadding ppb_text\" style=\"padding:0px 0 0px 0;background-color:#ededed;\" >\n<div class=\"standard_wrapper\">\n<div class=\"page_content_wrapper\">\n<div class=\"inner\">\n<div style=\"margin:auto;width:90%\">\n<h4 style=\"color: #222222; text-align: center;\"><strong><a href=\"http:\/\/www.digitalprofoto.ro\/online\/albume-foto-digitale-tip-fotocarte\/\">\u00a0MAXIM 5 zile\u00a0 | \u00a0Multumit 100% sau banii inapoi \u00a0 \u00a0| \u00a0 te bucuri toata viata<\/a><\/strong><\/h4>\n<\/div>\n<\/div>\n<\/div>\n<\/div>\n<\/div>\n<div class=\"standard_wrapper\">\n<div  class=\"one_third withsmallpadding ppb_text\" style=\"padding:0px 0 0px 0;background-color:#ffffff;\" >\n<div class=\"standard_wrapper\">\n<div class=\"page_content_wrapper\">\n<div class=\"inner\">\n<div style=\"margin:auto;width:100%\">\n<h1 style=\"color: #222222; text-align: center;\"><a href=\"http:\/\/www.digitalprofoto.ro\/online\/albume-foto-digitale-tip-fotocarte\/\">1<\/a><\/h1>\n<h4 style=\"color: #222222; text-align: center;\"><a href=\"http:\/\/www.digitalprofoto.ro\/online\/albume-foto-digitale-tip-fotocarte\/\"><strong>Fotografiile tale<\/strong><\/a><\/h4>\n<p style=\"text-align: justify;\"><a href=\"http:\/\/www.digitalprofoto.ro\/online\/albume-foto-digitale-tip-fotocarte\/\"><span style=\"font-weight: 400;\">Incarca la noi pe server fotografiile care doresti sa apara in album.\u00a0<\/span><span style=\"font-weight: 400;\">Ar fi ideal sa le aranjezi in ordinea in care le doresti in album. Daca le poti pune in directoare separat, pentru fiecare pagina ar fi si mai bine. Alege imaginile de coperta, text pentru coperta si eventual pentru interior.<\/span><\/a><\/p>\n<\/div>\n<\/div>\n<\/div>\n<\/div>\n<\/div>\n<\/div>\n<div class=\"standard_wrapper\">\n<div  class=\"one_third withsmallpadding ppb_text\" style=\"padding:0px 0 0px 0;background-color:#ffffff;color:#999999 !important;\" >\n<div class=\"standard_wrapper\">\n<div class=\"page_content_wrapper\">\n<div class=\"inner\">\n<div style=\"margin:auto;width:100%\">\n<h1 style=\"color: #222222; text-align: center;\"><a href=\"http:\/\/www.digitalprofoto.ro\/online\/albume-foto-digitale-tip-fotocarte\/\">3<\/a><\/h1>\n<h4 style=\"color: #222222; text-align: center;\"><a href=\"http:\/\/www.digitalprofoto.ro\/online\/albume-foto-digitale-tip-fotocarte\/\"><strong>Albumul tau<\/strong><\/a><\/h4>\n<p style=\"text-align: justify;\"><a href=\"http:\/\/www.digitalprofoto.ro\/online\/albume-foto-digitale-tip-fotocarte\/\"><span style=\"font-weight: 400;\">Expediem albumul c\u0103tre adresa indicata de tine sau te asteptam in magazin ca sa-l ridici. Livrarea albumului se realizeaza prin Po\u0219ta Rom\u00e2n\u0103 cu plata RAMBURS sau prin Curier Rapid. Dac\u0103 valoarea comenzii dep\u0103\u0219e\u0219te 300 lei livrarea este gratuita.<\/span><\/a><\/p>\n<\/div>\n<\/div>\n<\/div>\n<\/div>\n<\/div>\n<\/div>\n<div class=\"standard_wrapper\">\n<div  class=\"one_third last withsmallpadding ppb_text\" style=\"padding:0px 0 0px 0;background-color:#ffffff;\" >\n<div class=\"standard_wrapper\">\n<div class=\"page_content_wrapper\">\n<div class=\"inner\">\n<div style=\"margin:auto;width:100%\">\n<h1 style=\"color: #222222; text-align: center;\"><a href=\"http:\/\/www.digitalprofoto.ro\/online\/albume-foto-digitale-tip-fotocarte\/\">2<\/a><\/h1>\n<h4 style=\"color: #222222; text-align: center;\"><a href=\"http:\/\/www.digitalprofoto.ro\/online\/albume-foto-digitale-tip-fotocarte\/\"><strong>Noi facem designul<\/strong><\/a><\/h4>\n<p style=\"text-align: justify;\"><a href=\"http:\/\/www.digitalprofoto.ro\/online\/albume-foto-digitale-tip-fotocarte\/\"><span style=\"font-weight: 400;\">Noi le descarcam si facem designul personalizat pentru fiecare pagina in parte. Pe urma, iti trimitem sa vezi macheta paginilor. Daca totul este ok, trecem la etapa urmatoare. Daca doresti modificari ne poti comunica, le realizam si primesti iarasi sa vezi grafica finala.<\/span><\/a><\/p>\n<\/div>\n<\/div>\n<\/div>\n<\/div>\n<\/div>\n<\/div>\n<div  class=\"one withsmallpadding ppb_text\" style=\"padding:30px 0 30px 0;\" >\n<div class=\"standard_wrapper\">\n<div class=\"page_content_wrapper\">\n<div class=\"inner\">\n<div style=\"margin:auto;width:100%\">\n<div class=\"woocommerce columns-3 \">\n<ul class=\"products columns-3\">\n<li class=\"post-1002 type-product status-publish has-post-thumbnail hentry product_cat-coperta-groasa\">\n\t<\/li>\n<li class=\"post-1025 type-product status-publish has-post-thumbnail hentry product_cat-coperta-groasa\">\n\t<\/li>\n<li class=\"post-1013 type-product status-publish has-post-thumbnail hentry product_cat-coperta-groasa\">\n\t<\/li>\n<li class=\"post-1074 type-product status-publish has-post-thumbnail hentry product_cat-coperta-groasa\">\n\t<\/li>\n<li class=\"post-1054 type-product status-publish has-post-thumbnail hentry product_cat-coperta-groasa\">\n\t<\/li>\n<li class=\"post-1062 type-product status-publish has-post-thumbnail hentry product_cat-coperta-groasa\">\n\t<\/li>\n<\/ul>\n<\/div>\n<\/div>\n<\/div>\n<\/div>\n<\/div>\n<\/div>\n<div  class=\"one withsmallpadding ppb_text\" style=\"padding:30px 0 30px 0;\" >\n<div class=\"standard_wrapper\">\n<div class=\"page_content_wrapper\">\n<div class=\"inner\">\n<div style=\"margin:auto;width:100%\">\n<div class=\"woocommerce columns-3 \">\n<ul class=\"products columns-3\">\n<li class=\"post-962 type-product status-publish has-post-thumbnail hentry product_cat-coperta-subtire\">\n\t<\/li>\n<li class=\"post-973 type-product status-publish has-post-thumbnail hentry product_cat-coperta-subtire\">\n\t<\/li>\n<li class=\"post-950 type-product status-publish has-post-thumbnail hentry product_cat-coperta-subtire\">\n\t<\/li>\n<\/ul>\n<\/div>\n<\/div>\n<\/div>\n<\/div>\n<\/div>\n<\/div>\n<div  class=\"one withsmallpadding ppb_text\" style=\"padding:0px 0 0px 0;background-color:#ededed;\" >\n<div class=\"standard_wrapper\">\n<div class=\"page_content_wrapper\">\n<div class=\"inner\">\n<div style=\"margin:auto;width:90%\">\n<h4 style=\"color: #222222; text-align: center;\"><strong><a href=\"http:\/\/www.digitalprofoto.ro\/online\/albume-foto-digitale-tip-fotocarte\/\">\u00a0VEZI \u0218I TESTEZI\u00a0 |      \u00a0CUMPERI      \u00a0 \u00a0| \u00a0 returnezi in 24 ore<\/a><\/strong><\/h4>\n<\/div>\n<\/div>\n<\/div>\n<\/div>\n<\/div>\n<div  class=\"one withsmallpadding ppb_header \" style=\"text-align:left;padding:25px 0 25px 0;background-color:#ffffff;color:#ffffff;\" >\n<div class=\"standard_wrapper\">\n<div class=\"page_content_wrapper\">\n<div class=\"inner\">\n<div style=\"margin:auto;width:100%\">\n<hr class=\"title_break left\" style=\"border-color:#ffffff;\"\/>\n<div class=\"ppb_header_content\">\n<div class=\"woocommerce columns-5 \">\n<ul class=\"products columns-5\">\n<li class=\"post-1356 type-product status-publish has-post-thumbnail hentry product_cat-fotomarket\">\n\t<\/li>\n<li class=\"post-1354 type-product status-publish has-post-thumbnail hentry product_cat-fotomarket\">\n\t<\/li>\n<li class=\"post-1346 type-product status-publish has-post-thumbnail hentry product_cat-fotomarket\">\n\t<\/li>\n<li class=\"post-1348 type-product status-publish has-post-thumbnail hentry product_cat-fotomarket\">\n\t<\/li>\n<li class=\"post-1385 type-product status-publish has-post-thumbnail hentry product_cat-fotomarket\">\n\t<\/li>\n<li class=\"post-1335 type-product status-publish has-post-thumbnail hentry product_cat-fotomarket\">\n\t<\/li>\n<li class=\"post-1165 type-product status-publish has-post-thumbnail hentry product_cat-fotomarket\">\n\t<\/li>\n<li class=\"post-1383 type-product status-publish has-post-thumbnail hentry product_cat-fotomarket\">\n\t<\/li>\n<li class=\"post-1332 type-product status-publish has-post-thumbnail hentry product_cat-fotomarket\">\n\t<\/li>\n<li class=\"post-1381 type-product status-publish has-post-thumbnail hentry product_cat-fotomarket\">\n\t<\/li>\n<li class=\"post-1395 type-product status-publish has-post-thumbnail hentry product_cat-fotomarket\">\n\t<\/li>\n<li class=\"post-1350 type-product status-publish has-post-thumbnail hentry product_cat-fotomarket\">\n\t<\/li>\n<\/ul>\n<\/div>\n<\/div>\n<\/div>\n<\/div>\n<\/div>\n<\/div>\n<\/div>\n<div  class=\"one\">\n<div id=\"17762751822003007925\" class=\"ri-grid ri-grid-size-3\">\n<ul>\n<li><a href=\"#\"><img src=\"http:\/\/www.digitalprofoto.ro\/online\/wp-content\/uploads\/2016\/11\/065-150x150.jpg\" alt=\"\"\/><\/a><\/li>\n<li><a href=\"#\"><img src=\"http:\/\/www.digitalprofoto.ro\/online\/wp-content\/uploads\/2016\/11\/063-150x150.jpg\" alt=\"\"\/><\/a><\/li>\n<li><a href=\"#\"><img src=\"http:\/\/www.digitalprofoto.ro\/online\/wp-content\/uploads\/2016\/11\/039-150x150.jpg\" alt=\"\"\/><\/a><\/li>\n<li><a href=\"#\"><img src=\"http:\/\/www.digitalprofoto.ro\/online\/wp-content\/uploads\/2016\/11\/030-150x150.jpg\" alt=\"\"\/><\/a><\/li>\n<li><a href=\"#\"><img src=\"http:\/\/www.digitalprofoto.ro\/online\/wp-content\/uploads\/2016\/11\/029-150x150.jpg\" alt=\"\"\/><\/a><\/li>\n<li><a href=\"#\"><img src=\"http:\/\/www.digitalprofoto.ro\/online\/wp-content\/uploads\/2016\/11\/028-150x150.jpg\" alt=\"\"\/><\/a><\/li>\n<li><a href=\"#\"><img src=\"http:\/\/www.digitalprofoto.ro\/online\/wp-content\/uploads\/2016\/11\/027-150x150.jpg\" alt=\"\"\/><\/a><\/li>\n<li><a href=\"#\"><img src=\"http:\/\/www.digitalprofoto.ro\/online\/wp-content\/uploads\/2016\/11\/021-150x150.jpg\" alt=\"\"\/><\/a><\/li>\n<li><a href=\"#\"><img src=\"http:\/\/www.digitalprofoto.ro\/online\/wp-content\/uploads\/2016\/11\/017-150x150.jpg\" alt=\"\"\/><\/a><\/li>\n<li><a href=\"#\"><img src=\"http:\/\/www.digitalprofoto.ro\/online\/wp-content\/uploads\/2016\/11\/018-150x150.jpg\" alt=\"\"\/><\/a><\/li>\n<li><a href=\"#\"><img src=\"http:\/\/www.digitalprofoto.ro\/online\/wp-content\/uploads\/2016\/11\/016-150x150.jpg\" alt=\"\"\/><\/a><\/li>\n<li><a href=\"#\"><img src=\"http:\/\/www.digitalprofoto.ro\/online\/wp-content\/uploads\/2016\/11\/015-150x150.jpg\" alt=\"\"\/><\/a><\/li>\n<li><a href=\"#\"><img src=\"http:\/\/www.digitalprofoto.ro\/online\/wp-content\/uploads\/2016\/11\/005-150x150.jpg\" alt=\"\"\/><\/a><\/li>\n<li><a href=\"#\"><img src=\"http:\/\/www.digitalprofoto.ro\/online\/wp-content\/uploads\/2016\/11\/014-150x150.jpg\" alt=\"\"\/><\/a><\/li>\n<li><a href=\"#\"><img src=\"http:\/\/www.digitalprofoto.ro\/online\/wp-content\/uploads\/2016\/11\/013-150x150.jpg\" alt=\"\"\/><\/a><\/li>\n<li><a href=\"#\"><img src=\"http:\/\/www.digitalprofoto.ro\/online\/wp-content\/uploads\/2016\/11\/003-150x150.jpg\" alt=\"\"\/><\/a><\/li>\n<li><a href=\"#\"><img src=\"http:\/\/www.digitalprofoto.ro\/online\/wp-content\/uploads\/2016\/11\/004-150x150.jpg\" alt=\"\"\/><\/a><\/li>\n<li><a href=\"#\"><img src=\"http:\/\/www.digitalprofoto.ro\/online\/wp-content\/uploads\/2016\/11\/021-150x150.jpg\" alt=\"\"\/><\/a><\/li>\n<li><a href=\"#\"><img src=\"http:\/\/www.digitalprofoto.ro\/online\/wp-content\/uploads\/2016\/11\/004-150x150.jpg\" alt=\"\"\/><\/a><\/li>\n<li><a href=\"#\"><img src=\"http:\/\/www.digitalprofoto.ro\/online\/wp-content\/uploads\/2016\/11\/018-150x150.jpg\" alt=\"\"\/><\/a><\/li>\n<li><a href=\"#\"><img src=\"http:\/\/www.digitalprofoto.ro\/online\/wp-content\/uploads\/2016\/11\/005-150x150.jpg\" alt=\"\"\/><\/a><\/li>\n<li><a href=\"#\"><img src=\"http:\/\/www.digitalprofoto.ro\/online\/wp-content\/uploads\/2016\/11\/003-150x150.jpg\" alt=\"\"\/><\/a><\/li>\n<li><a href=\"#\"><img src=\"http:\/\/www.digitalprofoto.ro\/online\/wp-content\/uploads\/2016\/11\/017-150x150.jpg\" alt=\"\"\/><\/a><\/li>\n<li><a href=\"#\"><img src=\"http:\/\/www.digitalprofoto.ro\/online\/wp-content\/uploads\/2016\/11\/014-150x150.jpg\" alt=\"\"\/><\/a><\/li>\n<li><a href=\"#\"><img src=\"http:\/\/www.digitalprofoto.ro\/online\/wp-content\/uploads\/2016\/11\/027-150x150.jpg\" alt=\"\"\/><\/a><\/li>\n<li><a href=\"#\"><img src=\"http:\/\/www.digitalprofoto.ro\/online\/wp-content\/uploads\/2016\/11\/015-150x150.jpg\" alt=\"\"\/><\/a><\/li>\n<li><a href=\"#\"><img src=\"http:\/\/www.digitalprofoto.ro\/online\/wp-content\/uploads\/2016\/11\/016-150x150.jpg\" alt=\"\"\/><\/a><\/li>\n<li><a href=\"#\"><img src=\"http:\/\/www.digitalprofoto.ro\/online\/wp-content\/uploads\/2016\/11\/028-150x150.jpg\" alt=\"\"\/><\/a><\/li>\n<li><a href=\"#\"><img src=\"http:\/\/www.digitalprofoto.ro\/online\/wp-content\/uploads\/2016\/11\/029-150x150.jpg\" alt=\"\"\/><\/a><\/li>\n<li><a href=\"#\"><img src=\"http:\/\/www.digitalprofoto.ro\/online\/wp-content\/uploads\/2016\/11\/039-150x150.jpg\" alt=\"\"\/><\/a><\/li>\n<li><a href=\"#\"><img src=\"http:\/\/www.digitalprofoto.ro\/online\/wp-content\/uploads\/2016\/11\/105-150x150.jpg\" alt=\"\"\/><\/a><\/li>\n<li><a href=\"#\"><img src=\"http:\/\/www.digitalprofoto.ro\/online\/wp-content\/uploads\/2016\/11\/071-150x150.jpg\" alt=\"\"\/><\/a><\/li>\n<li><a href=\"#\"><img src=\"http:\/\/www.digitalprofoto.ro\/online\/wp-content\/uploads\/2016\/11\/101-150x150.jpg\" alt=\"\"\/><\/a><\/li>\n<li><a href=\"#\"><img src=\"http:\/\/www.digitalprofoto.ro\/online\/wp-content\/uploads\/2016\/11\/086-150x150.jpg\" alt=\"\"\/><\/a><\/li>\n<li><a href=\"#\"><img src=\"http:\/\/www.digitalprofoto.ro\/online\/wp-content\/uploads\/2016\/11\/076-150x150.jpg\" alt=\"\"\/><\/a><\/li>\n<li><a href=\"#\"><img src=\"http:\/\/www.digitalprofoto.ro\/online\/wp-content\/uploads\/2016\/11\/102-150x150.jpg\" alt=\"\"\/><\/a><\/li>\n<li><a href=\"#\"><img src=\"http:\/\/www.digitalprofoto.ro\/online\/wp-content\/uploads\/2016\/11\/104-150x150.jpg\" alt=\"\"\/><\/a><\/li>\n<li><a href=\"#\"><img src=\"http:\/\/www.digitalprofoto.ro\/online\/wp-content\/uploads\/2016\/11\/100-150x150.jpg\" alt=\"\"\/><\/a><\/li>\n<li><a href=\"#\"><img src=\"http:\/\/www.digitalprofoto.ro\/online\/wp-content\/uploads\/2016\/11\/077-150x150.jpg\" alt=\"\"\/><\/a><\/li>\n<li><a href=\"#\"><img src=\"http:\/\/www.digitalprofoto.ro\/online\/wp-content\/uploads\/2016\/11\/078-150x150.jpg\" alt=\"\"\/><\/a><\/li>\n<li><a href=\"#\"><img src=\"http:\/\/www.digitalprofoto.ro\/online\/wp-content\/uploads\/2016\/11\/084-150x150.jpg\" alt=\"\"\/><\/a><\/li>\n<li><a href=\"#\"><img src=\"http:\/\/www.digitalprofoto.ro\/online\/wp-content\/uploads\/2016\/11\/079-150x150.jpg\" alt=\"\"\/><\/a><\/li>\n<li><a href=\"#\"><img src=\"http:\/\/www.digitalprofoto.ro\/online\/wp-content\/uploads\/2016\/11\/085-150x150.jpg\" alt=\"\"\/><\/a><\/li>\n<li><a href=\"#\"><img src=\"http:\/\/www.digitalprofoto.ro\/online\/wp-content\/uploads\/2016\/11\/070-150x150.jpg\" alt=\"\"\/><\/a><\/li>\n<li><a href=\"#\"><img src=\"http:\/\/www.digitalprofoto.ro\/online\/wp-content\/uploads\/2016\/11\/062-150x150.jpg\" alt=\"\"\/><\/a><\/li>\n<\/ul>\n<\/div>\n<\/div>\n","protected":false},"excerpt":{"rendered":"<p>Developari fotografii pe hartie foto KODAK \u00a0| \u00a0REDUCERE 50 % pentru comenzi ce depasesc 100 de fotografii Noi facem TOT\u00a0 \u00a0| \u00a0 Nu descarci soft \u00a0 | \u00a0 Nu ai nevoie de cunostinte \u00a0MAXIM 5 zile\u00a0 | \u00a0Multumit 100% sau [&hellip;]<\/p>\n","protected":false},"author":1,"featured_media":0,"parent":0,"menu_order":0,"comment_status":"closed","ping_status":"closed","template":"","meta":[],"_links":{"self":[{"href":"https:\/\/www.digitalprofoto.ro\/online\/wp-json\/wp\/v2\/pages\/803"}],"collection":[{"href":"https:\/\/www.digitalprofoto.ro\/online\/wp-json\/wp\/v2\/pages"}],"about":[{"href":"https:\/\/www.digitalprofoto.ro\/online\/wp-json\/wp\/v2\/types\/page"}],"author":[{"embeddable":true,"href":"https:\/\/www.digitalprofoto.ro\/online\/wp-json\/wp\/v2\/users\/1"}],"replies":[{"embeddable":true,"href":"https:\/\/www.digitalprofoto.ro\/online\/wp-json\/wp\/v2\/comments?post=803"}],"version-history":[{"count":114,"href":"https:\/\/www.digitalprofoto.ro\/online\/wp-json\/wp\/v2\/pages\/803\/revisions"}],"predecessor-version":[{"id":1965,"href":"https:\/\/www.digitalprofoto.ro\/online\/wp-json\/wp\/v2\/pages\/803\/revisions\/1965"}],"wp:attachment":[{"href":"https:\/\/www.digitalprofoto.ro\/online\/wp-json\/wp\/v2\/media?parent=803"}],"curies":[{"name":"wp","href":"https:\/\/api.w.org\/{rel}","templated":true}]}}